{"id":666,"date":"2026-02-08T17:48:54","date_gmt":"2026-02-08T16:48:54","guid":{"rendered":"https:\/\/drachda.nl\/?page_id=666"},"modified":"2026-02-12T10:52:02","modified_gmt":"2026-02-12T09:52:02","slug":"welkom","status":"publish","type":"page","link":"https:\/\/drachda.nl\/welkom\/welkom\/","title":{"rendered":"Welkom"},"content":{"rendered":"\n<p>Drachda is een volksdansvereniging in Drachten die is gespecialiseerd in internationale dansen.<\/p>\n\n\n\n<h3 class=\"wp-block-heading\"><strong>Wat<\/strong><\/h3>\n\n\n\n<p>Bij ons maak je in een afwisselend programma kennis met volksdansen uit diverse landen, zoals Engeland, Bulgarije, Rusland, Roemeni\u00eb, Isra\u00ebl, Scandinavi\u00eb, Griekenland en de Verenigde Staten.<\/p>\n\n\n\n<h3 class=\"wp-block-heading\"><strong>Voor wie<\/strong><\/h3>\n\n\n\n<p>Zowel mannen als vrouwen, jong en ouder, beginners en ervaren dansers, met belangstelling voor een afwisselend programma met internationale dansen zijn bij ons welkom.<\/p>\n\n\n\n<h3 class=\"wp-block-heading\"><strong>Wanneer en waar<\/strong><\/h3>\n\n\n\n<p>De lessen worden gegeven op maandagavond van 19.30 tot 21.30 uur in de gymzaal basisschool De Parel, Langewyk 275, 9202 CN Drachten. Dit is inclusief een kwartier pauze. Voor de lessen heb je dans- of gymschoenen nodig die niet buiten worden gedragen. Het dansen is op eigen risico.<\/p>\n\n\n\n<blockquote class=\"wp-block-quote is-layout-flow wp-block-quote-is-layout-flow\">\n<p><span style=\"color: #808000;\"><\/span><\/p>\n\n\n\n<p><em>Doe mee! Je bent van harte welkom.<\/em><\/p>\n\n\n\n<p><span style=\"color: #808000;\"><em>Noteer alvast:<\/em><\/span><br><span style=\"color: #808000;\"><\/span><\/p>\n\n\n\n<p><em>maandag 14 september 2026, 19.30-21.30 uur: open en gratis kennismakingsles!<\/em><\/p>\n<\/blockquote>\n\n\n\n<p><\/p>\n","protected":false},"excerpt":{"rendered":"<p>Drachda is een volksdansvereniging in Drachten die is gespecialiseerd in internationale dansen. Wat Bij ons maak je in een afwisselend programma kennis met volksdansen uit diverse landen, zoals Engeland, Bulgarije, Rusland, Roemeni\u00eb, Isra\u00ebl, Scandinavi\u00eb, Griekenland &hellip;<\/p>\n","protected":false},"author":1,"featured_media":0,"parent":0,"menu_order":0,"comment_status":"closed","ping_status":"closed","template":"","meta":{"pagelayer_contact_templates":[],"_pagelayer_content":"","footnotes":""},"class_list":["post-666","page","type-page","status-publish","hentry"],"_links":{"self":[{"href":"https:\/\/drachda.nl\/welkom\/wp-json\/wp\/v2\/pages\/666","targetHints":{"allow":["GET"]}}],"collection":[{"href":"https:\/\/drachda.nl\/welkom\/wp-json\/wp\/v2\/pages"}],"about":[{"href":"https:\/\/drachda.nl\/welkom\/wp-json\/wp\/v2\/types\/page"}],"author":[{"embeddable":true,"href":"https:\/\/drachda.nl\/welkom\/wp-json\/wp\/v2\/users\/1"}],"replies":[{"embeddable":true,"href":"https:\/\/drachda.nl\/welkom\/wp-json\/wp\/v2\/comments?post=666"}],"version-history":[{"count":4,"href":"https:\/\/drachda.nl\/welkom\/wp-json\/wp\/v2\/pages\/666\/revisions"}],"predecessor-version":[{"id":680,"href":"https:\/\/drachda.nl\/welkom\/wp-json\/wp\/v2\/pages\/666\/revisions\/680"}],"wp:attachment":[{"href":"https:\/\/drachda.nl\/welkom\/wp-json\/wp\/v2\/media?parent=666"}],"curies":[{"name":"wp","href":"https:\/\/api.w.org\/{rel}","templated":true}]}}